{"id":1737,"date":"2022-01-13T11:12:31","date_gmt":"2022-01-13T11:12:31","guid":{"rendered":"https:\/\/mais3-inovacao.pt\/pena-property\/?page_id=1737"},"modified":"2022-02-19T13:01:33","modified_gmt":"2022-02-19T13:01:33","slug":"area-envolvente","status":"publish","type":"page","link":"https:\/\/pena-property.net\/index.php\/area-envolvente\/","title":{"rendered":"\u00c1rea envolvente"},"content":{"rendered":"\t\t<div data-elementor-type=\"wp-page\" data-elementor-id=\"1737\" class=\"elementor elementor-1737\" data-elementor-settings=\"[]\">\n\t\t\t\t\t\t\t<div class=\"elementor-section-wrap\">\n\t\t\t\t\t\t\t<section class=\"elementor-section elementor-top-section elementor-element elementor-element-a41e2b2 elementor-section-full_width elementor-section-height-default elementor-section-height-default\" data-id=\"a41e2b2\" data-element_type=\"section\">\n\t\t\t\t\t\t<div class=\"elementor-container elementor-column-gap-no\">\n\t\t\t\t\t<div class=\"elementor-column elementor-col-100 elementor-top-column elementor-element elementor-element-97c067e\" data-id=\"97c067e\" data-element_type=\"column\">\n\t\t\t<div class=\"elementor-widget-wrap elementor-element-populated\">\n\t\t\t\t\t\t\t\t<div class=\"elementor-element elementor-element-8e9c131 elementor-widget elementor-widget-larson-intro\" data-id=\"8e9c131\" data-element_type=\"widget\" data-widget_type=\"larson-intro.default\">\n\t\t\t\t<div class=\"elementor-widget-container\">\n\t\t\t\n\t\t<article class=\"article\">\n\t        <header class=\"article__header\">\n\t          <div class=\"container\">\n\t            \t            <h1 class=\"article__heading heading heading--size-large\">\n\t            \t<span >\n\t\t\t\t\t\tOs locais <span class=\"color-yellow\">a n\u00e3o perder<\/span>\t\t\t\t\t<\/span>\n\t            <\/h1>\n\t            \t            \t            <div class=\"article__header-text\">\n\t            \t<span >\n\t\t\t\t\t\tQuer seja a p\u00e9, em caiaque, em excurs\u00f5es ou em cruzeiros de um dia, aventure-se a conhecer todos os magn\u00edficos atrativos que esta terra tem para lhe oferecer, tais como: Meia Praia, Alvor, Burgau, Luz e muito mais...\t\t\t\t\t<\/span>\n\t            <\/div>\n\t            \t          <\/div>\n\t        <\/header>\n\t        \t    <\/article>\n\n\t\t\t\t<\/div>\n\t\t\t\t<\/div>\n\t\t\t\t\t<\/div>\n\t\t<\/div>\n\t\t\t\t\t\t\t<\/div>\n\t\t<\/section>\n\t\t\t\t<section class=\"elementor-section elementor-top-section elementor-element elementor-element-3f81bf8 elementor-section-full_width elementor-section-height-default elementor-section-height-default\" data-id=\"3f81bf8\" data-element_type=\"section\">\n\t\t\t\t\t\t<div class=\"elementor-container elementor-column-gap-no\">\n\t\t\t\t\t<div class=\"elementor-column elementor-col-100 elementor-top-column elementor-element elementor-element-4669fe1\" data-id=\"4669fe1\" data-element_type=\"column\">\n\t\t\t<div class=\"elementor-widget-wrap elementor-element-populated\">\n\t\t\t\t\t\t\t\t<div class=\"elementor-element elementor-element-60d5ea3 elementor-widget elementor-widget-larson-projects-gallery-carousel\" data-id=\"60d5ea3\" data-element_type=\"widget\" data-widget_type=\"larson-projects-gallery-carousel.default\">\n\t\t\t\t<div class=\"elementor-widget-container\">\n\t\t\t\n\t\t<div class=\"article__projects-slider projects-slider swiper-container __js_projects-slider\">\n                    <div class=\"swiper-wrapper\">\n                        <div class=\"projects-slider__item swiper-slide\">\n              <img src=\"https:\/\/pena-property.net\/wp-content\/uploads\/2022\/01\/Luz-1.jpg\" alt=\"Image #1\" \/>\n            <\/div>\n                        <div class=\"projects-slider__item swiper-slide\">\n              <img src=\"https:\/\/pena-property.net\/wp-content\/uploads\/2022\/01\/Alvor-1.jpg\" alt=\"Image #2\" \/>\n            <\/div>\n                        <div class=\"projects-slider__item swiper-slide\">\n              <img src=\"https:\/\/pena-property.net\/wp-content\/uploads\/2022\/02\/Lagos-5.jpg\" alt=\"Image #3\" \/>\n            <\/div>\n                        <div class=\"projects-slider__item swiper-slide\">\n              <img src=\"https:\/\/pena-property.net\/wp-content\/uploads\/2022\/01\/Alvor-3.jpg\" alt=\"Image #4\" \/>\n            <\/div>\n                        <div class=\"projects-slider__item swiper-slide\">\n              <img src=\"https:\/\/pena-property.net\/wp-content\/uploads\/2022\/02\/Lagos-3.jpg\" alt=\"Image #5\" \/>\n            <\/div>\n                        <div class=\"projects-slider__item swiper-slide\">\n              <img src=\"https:\/\/pena-property.net\/wp-content\/uploads\/2022\/02\/Lagos-4.jpg\" alt=\"Image #6\" \/>\n            <\/div>\n                      <\/div>\n          <div class=\"projects-slider__navigation\">\n            <button class=\"projects-slider__next\" type=\"button\" aria-label=\"next\">\n              <svg width=\"64\" height=\"64\">\n                <use xlink:href=\"#chevron-right\"><\/use>\n              <\/svg>\n            <\/button>\n            <button class=\"projects-slider__prev\" type=\"button\" aria-label=\"prev\">\n              <svg width=\"64\" height=\"64\">\n                <use xlink:href=\"#chevron-left\"><\/use>\n              <\/svg>\n            <\/button>\n          <\/div>\n                  <\/div>\n\n\t\t\t\t<\/div>\n\t\t\t\t<\/div>\n\t\t\t\t\t<\/div>\n\t\t<\/div>\n\t\t\t\t\t\t\t<\/div>\n\t\t<\/section>\n\t\t\t\t<section class=\"elementor-section elementor-top-section elementor-element elementor-element-86dab40 elementor-section-full_width c__map elementor-section-height-default elementor-section-height-default\" data-id=\"86dab40\" data-element_type=\"section\">\n\t\t\t\t\t\t<div class=\"elementor-container elementor-column-gap-custom\">\n\t\t\t\t\t<div class=\"elementor-column elementor-col-100 elementor-top-column elementor-element elementor-element-20aa73f\" data-id=\"20aa73f\" data-element_type=\"column\">\n\t\t\t<div class=\"elementor-widget-wrap elementor-element-populated\">\n\t\t\t\t\t\t\t\t<div class=\"elementor-element elementor-element-e74ec28 elementor-widget elementor-widget-google_maps\" data-id=\"e74ec28\" data-element_type=\"widget\" data-widget_type=\"google_maps.default\">\n\t\t\t\t<div class=\"elementor-widget-container\">\n\t\t\t<style>\/*! elementor - v3.5.3 - 28-12-2021 *\/\n.elementor-widget-google_maps .elementor-widget-container{overflow:hidden}.elementor-widget-google_maps iframe{height:300px}<\/style>\t\t<div class=\"elementor-custom-embed\">\n\t\t\t<iframe frameborder=\"0\" scrolling=\"no\" marginheight=\"0\" marginwidth=\"0\"\n\t\t\t\t\tsrc=\"https:\/\/maps.google.com\/maps?q=Rua%20Direita%2C%20n%C2%BA%2021.%208600-160%20Praia%20da%20Luz%2C%20Lagos.&#038;t=m&#038;z=17&#038;output=embed&#038;iwloc=near\"\n\t\t\t\t\ttitle=\"Rua Direita, n\u00ba 21. 8600-160 Praia da Luz, Lagos.\"\n\t\t\t\t\taria-label=\"Rua Direita, n\u00ba 21. 8600-160 Praia da Luz, Lagos.\"\n\t\t\t><\/iframe>\n\t\t<\/div>\n\t\t\t\t<\/div>\n\t\t\t\t<\/div>\n\t\t\t\t\t<\/div>\n\t\t<\/div>\n\t\t\t\t\t\t\t<\/div>\n\t\t<\/section>\n\t\t\t\t\t\t<\/div>\n\t\t\t\t\t<\/div>\n\t\t","protected":false},"excerpt":{"rendered":"<p>Os locais a n\u00e3o perder Quer seja a p\u00e9, em caiaque, em excurs\u00f5es ou em cruzeiros de um dia, aventure-se a conhecer todos os magn\u00edficos atrativos que esta terra tem para lhe oferecer, tais como: Meia Praia, Alvor, Burgau, Luz e muito mais&#8230;<\/p>\n","protected":false},"author":1,"featured_media":0,"parent":0,"menu_order":0,"comment_status":"closed","ping_status":"closed","template":"template-elementor-default.php","meta":[],"acf":[],"_links":{"self":[{"href":"https:\/\/pena-property.net\/index.php\/wp-json\/wp\/v2\/pages\/1737"}],"collection":[{"href":"https:\/\/pena-property.net\/index.php\/wp-json\/wp\/v2\/pages"}],"about":[{"href":"https:\/\/pena-property.net\/index.php\/wp-json\/wp\/v2\/types\/page"}],"author":[{"embeddable":true,"href":"https:\/\/pena-property.net\/index.php\/wp-json\/wp\/v2\/users\/1"}],"replies":[{"embeddable":true,"href":"https:\/\/pena-property.net\/index.php\/wp-json\/wp\/v2\/comments?post=1737"}],"version-history":[{"count":49,"href":"https:\/\/pena-property.net\/index.php\/wp-json\/wp\/v2\/pages\/1737\/revisions"}],"predecessor-version":[{"id":2609,"href":"https:\/\/pena-property.net\/index.php\/wp-json\/wp\/v2\/pages\/1737\/revisions\/2609"}],"wp:attachment":[{"href":"https:\/\/pena-property.net\/index.php\/wp-json\/wp\/v2\/media?parent=1737"}],"curies":[{"name":"wp","href":"https:\/\/api.w.org\/{rel}","templated":true}]}}