{"id":1789,"date":"2022-01-26T14:45:48","date_gmt":"2022-01-26T14:45:48","guid":{"rendered":"http:\/\/mais3-inovacao.pt\/pena-property\/?page_id=1789"},"modified":"2022-01-26T16:23:15","modified_gmt":"2022-01-26T16:23:15","slug":"apartamento-corbo-marina-park","status":"publish","type":"page","link":"https:\/\/pena-property.net\/index.php\/apartamento-corbo-marina-park\/","title":{"rendered":"Apartamento Corbo Marina Park"},"content":{"rendered":"\t\t<div data-elementor-type=\"wp-page\" data-elementor-id=\"1789\" class=\"elementor elementor-1789\" data-elementor-settings=\"[]\">\n\t\t\t\t\t\t\t<div class=\"elementor-section-wrap\">\n\t\t\t\t\t\t\t<section class=\"elementor-section elementor-top-section elementor-element elementor-element-a41e2b2 elementor-section-full_width elementor-section-height-default elementor-section-height-default\" data-id=\"a41e2b2\" data-element_type=\"section\">\n\t\t\t\t\t\t<div class=\"elementor-container elementor-column-gap-no\">\n\t\t\t\t\t<div class=\"elementor-column elementor-col-100 elementor-top-column elementor-element elementor-element-97c067e\" data-id=\"97c067e\" data-element_type=\"column\">\n\t\t\t<div class=\"elementor-widget-wrap elementor-element-populated\">\n\t\t\t\t\t\t\t\t<div class=\"elementor-element elementor-element-8e9c131 elementor-widget elementor-widget-larson-intro\" data-id=\"8e9c131\" data-element_type=\"widget\" data-widget_type=\"larson-intro.default\">\n\t\t\t\t<div class=\"elementor-widget-container\">\n\t\t\t\n\t\t<article class=\"article\">\n\t        <header class=\"article__header\">\n\t          <div class=\"container\">\n\t            \t            <h1 class=\"article__heading heading heading--size-large\">\n\t            \t<span >\n\t\t\t\t\t\tApartamento Corbo <span class=\"color-yellow\">Marina Park<\/span>\t\t\t\t\t<\/span>\n\t            <\/h1>\n\t            \t            \t            <div class=\"article__header-text\">\n\t            \t<span >\n\t\t\t\t\t\tEste apartamento encontra-se num condom\u00ednio  da Marina Park em Lagos  a cerca de 500metros da Marina que tem uma ponte pedonal onde \u00e9 poss\u00edvel atravessar para o centro da cidade. Condom\u00ednio possui  duas piscinas para uma para adultos e outra para crian\u00e7as,  campo de t\u00e9nis ( pagamento extra), parque infantil snack-bar junto \u00e0 piscina e um amplo espa\u00e7o verde. Estacionamento no local.\n\n\nA cozinha equipada, com m\u00e1quina de roupa, lou\u00e7a, micro-ondas, m\u00e1quina de caf\u00e9 NESCAFE e todos os utens\u00edlios necess\u00e1rios.\nSala de estar\/jantar, com TV, Internet fibra, varanda espa\u00e7osa, com mesa e cadeiras onde poder\u00e1 tomar as refei\u00e7\u00f5es, tem dois toldos verticais por causa do sol ou do vento. Dois quartos, um com casa de banho privativa e cama de casal, outro com duas camas de solteiro, existe uma cama extra para mais uma crian\u00e7a se necess\u00e1rio, e uma casa de banho completa. A sala e os dois quartos disp\u00f5em de ar condicionado.\nO apartamento localiza-se no primeiro andar, mas existe elevador e estacionamento gratuito.\n\nPara estadias superiores a 7 dias, h\u00e1 servi\u00e7o de limpeza e mudan\u00e7a de len\u00e7\u00f3is e toalhas. Existem toalhas de praia e secador de cabelo, dispon\u00edveis para os clientes.\nEntre os per\u00edodos de Outubro ao final de Maio, \u00e9 poss\u00edvel fazer aluguer de longa dura\u00e7\u00e3o, por um valor mais baixo, sendo cobrado \u00e0 parte o valor do g\u00e1s e da eletricidade.\nOs h\u00f3spedes t\u00eam acesso total ao apartamento.\nOs animais s\u00e3o bem-vindos, sendo cobrado um valor extra de 70\u20ac.\nMarina Park \u00e9 uma zona calma, perfeita para fam\u00edlias, pois existe muito espa\u00e7o para as crian\u00e7as brincarem.\n\n\u00c9 aconselhado ter viatura, pois o centro da cidade e a Meia Praia est\u00e3o a cerca de 20 minutos.\n\t\t\t\t\t<\/span>\n\t            <\/div>\n\t            \t          <\/div>\n\t        <\/header>\n\t        \t    <\/article>\n\n\t\t\t\t<\/div>\n\t\t\t\t<\/div>\n\t\t\t\t\t<\/div>\n\t\t<\/div>\n\t\t\t\t\t\t\t<\/div>\n\t\t<\/section>\n\t\t\t\t<section class=\"elementor-section elementor-top-section elementor-element elementor-element-3f81bf8 elementor-section-full_width elementor-section-height-default elementor-section-height-default\" data-id=\"3f81bf8\" data-element_type=\"section\">\n\t\t\t\t\t\t<div class=\"elementor-container elementor-column-gap-no\">\n\t\t\t\t\t<div class=\"elementor-column elementor-col-100 elementor-top-column elementor-element elementor-element-4669fe1\" data-id=\"4669fe1\" data-element_type=\"column\">\n\t\t\t<div class=\"elementor-widget-wrap elementor-element-populated\">\n\t\t\t\t\t\t\t\t<div class=\"elementor-element elementor-element-60d5ea3 elementor-widget elementor-widget-larson-projects-gallery-carousel\" data-id=\"60d5ea3\" data-element_type=\"widget\" data-widget_type=\"larson-projects-gallery-carousel.default\">\n\t\t\t\t<div class=\"elementor-widget-container\">\n\t\t\t\n\t\t<div class=\"article__projects-slider projects-slider swiper-container __js_projects-slider\">\n                    <div class=\"swiper-wrapper\">\n                        <div class=\"projects-slider__item swiper-slide\">\n              <img src=\"https:\/\/pena-property.net\/wp-content\/uploads\/2022\/01\/Marina-Park-1.jpg\" alt=\"Image #1\" \/>\n            <\/div>\n                        <div class=\"projects-slider__item swiper-slide\">\n              <img src=\"https:\/\/pena-property.net\/wp-content\/uploads\/2022\/01\/Marina-Park-2.jpg\" alt=\"Image #2\" \/>\n            <\/div>\n                        <div class=\"projects-slider__item swiper-slide\">\n              <img src=\"https:\/\/pena-property.net\/wp-content\/uploads\/2022\/01\/Marina-Park-3.jpg\" alt=\"Image #3\" \/>\n            <\/div>\n                        <div class=\"projects-slider__item swiper-slide\">\n              <img src=\"https:\/\/pena-property.net\/wp-content\/uploads\/2022\/01\/Marina-Park-4.jpg\" alt=\"Image #4\" \/>\n            <\/div>\n                        <div class=\"projects-slider__item swiper-slide\">\n              <img src=\"https:\/\/pena-property.net\/wp-content\/uploads\/2022\/01\/Marina-Park-5.jpg\" alt=\"Image #5\" \/>\n            <\/div>\n                        <div class=\"projects-slider__item swiper-slide\">\n              <img src=\"https:\/\/pena-property.net\/wp-content\/uploads\/2022\/01\/Marina-Park-6.jpg\" alt=\"Image #6\" \/>\n            <\/div>\n                      <\/div>\n          <div class=\"projects-slider__navigation\">\n            <button class=\"projects-slider__next\" type=\"button\" aria-label=\"next\">\n              <svg width=\"64\" height=\"64\">\n                <use xlink:href=\"#chevron-right\"><\/use>\n              <\/svg>\n            <\/button>\n            <button class=\"projects-slider__prev\" type=\"button\" aria-label=\"prev\">\n              <svg width=\"64\" height=\"64\">\n                <use xlink:href=\"#chevron-left\"><\/use>\n              <\/svg>\n            <\/button>\n          <\/div>\n                  <\/div>\n\n\t\t\t\t<\/div>\n\t\t\t\t<\/div>\n\t\t\t\t\t<\/div>\n\t\t<\/div>\n\t\t\t\t\t\t\t<\/div>\n\t\t<\/section>\n\t\t\t\t<section class=\"elementor-section elementor-top-section elementor-element elementor-element-86dab40 elementor-section-full_width c__map elementor-section-height-default elementor-section-height-default\" data-id=\"86dab40\" data-element_type=\"section\">\n\t\t\t\t\t\t<div class=\"elementor-container elementor-column-gap-custom\">\n\t\t\t\t\t<div class=\"elementor-column elementor-col-100 elementor-top-column elementor-element elementor-element-20aa73f\" data-id=\"20aa73f\" data-element_type=\"column\">\n\t\t\t<div class=\"elementor-widget-wrap elementor-element-populated\">\n\t\t\t\t\t\t\t\t<div class=\"elementor-element elementor-element-e74ec28 elementor-widget elementor-widget-google_maps\" data-id=\"e74ec28\" data-element_type=\"widget\" data-widget_type=\"google_maps.default\">\n\t\t\t\t<div class=\"elementor-widget-container\">\n\t\t\t<style>\/*! elementor - v3.5.3 - 28-12-2021 *\/\n.elementor-widget-google_maps .elementor-widget-container{overflow:hidden}.elementor-widget-google_maps iframe{height:300px}<\/style>\t\t<div class=\"elementor-custom-embed\">\n\t\t\t<iframe frameborder=\"0\" scrolling=\"no\" marginheight=\"0\" marginwidth=\"0\"\n\t\t\t\t\tsrc=\"https:\/\/maps.google.com\/maps?q=Rua%20Direita%2C%20n%C2%BA%2021.%208600-160%20Praia%20da%20Luz%2C%20Lagos.&#038;t=m&#038;z=17&#038;output=embed&#038;iwloc=near\"\n\t\t\t\t\ttitle=\"Rua Direita, n\u00ba 21. 8600-160 Praia da Luz, Lagos.\"\n\t\t\t\t\taria-label=\"Rua Direita, n\u00ba 21. 8600-160 Praia da Luz, Lagos.\"\n\t\t\t><\/iframe>\n\t\t<\/div>\n\t\t\t\t<\/div>\n\t\t\t\t<\/div>\n\t\t\t\t\t<\/div>\n\t\t<\/div>\n\t\t\t\t\t\t\t<\/div>\n\t\t<\/section>\n\t\t\t\t\t\t<\/div>\n\t\t\t\t\t<\/div>\n\t\t","protected":false},"excerpt":{"rendered":"<p>Apartamento Corbo Marina Park Este apartamento encontra-se num condom\u00ednio da Marina Park em Lagos a cerca de 500metros da Marina que tem uma ponte pedonal onde \u00e9 poss\u00edvel atravessar para o centro da cidade. Condom\u00ednio possui duas piscinas para uma para adultos e outra para crian\u00e7as, campo de t\u00e9nis (&#8230; <\/p>\n<div class=\"readmore\"><a href=\"https:\/\/pena-property.net\/index.php\/apartamento-corbo-marina-park\/\" class=\"btn-link\">Read more<\/a><\/div>\n","protected":false},"author":1,"featured_media":0,"parent":0,"menu_order":0,"comment_status":"closed","ping_status":"closed","template":"template-elementor-default.php","meta":[],"acf":[],"_links":{"self":[{"href":"https:\/\/pena-property.net\/index.php\/wp-json\/wp\/v2\/pages\/1789"}],"collection":[{"href":"https:\/\/pena-property.net\/index.php\/wp-json\/wp\/v2\/pages"}],"about":[{"href":"https:\/\/pena-property.net\/index.php\/wp-json\/wp\/v2\/types\/page"}],"author":[{"embeddable":true,"href":"https:\/\/pena-property.net\/index.php\/wp-json\/wp\/v2\/users\/1"}],"replies":[{"embeddable":true,"href":"https:\/\/pena-property.net\/index.php\/wp-json\/wp\/v2\/comments?post=1789"}],"version-history":[{"count":16,"href":"https:\/\/pena-property.net\/index.php\/wp-json\/wp\/v2\/pages\/1789\/revisions"}],"predecessor-version":[{"id":1822,"href":"https:\/\/pena-property.net\/index.php\/wp-json\/wp\/v2\/pages\/1789\/revisions\/1822"}],"wp:attachment":[{"href":"https:\/\/pena-property.net\/index.php\/wp-json\/wp\/v2\/media?parent=1789"}],"curies":[{"name":"wp","href":"https:\/\/api.w.org\/{rel}","templated":true}]}}