{"id":1791,"date":"2022-01-26T14:46:31","date_gmt":"2022-01-26T14:46:31","guid":{"rendered":"http:\/\/mais3-inovacao.pt\/pena-property\/?page_id=1791"},"modified":"2022-01-26T16:40:14","modified_gmt":"2022-01-26T16:40:14","slug":"villa-mourton","status":"publish","type":"page","link":"https:\/\/pena-property.net\/index.php\/villa-mourton\/","title":{"rendered":"Villa Mourton"},"content":{"rendered":"\t\t<div data-elementor-type=\"wp-page\" data-elementor-id=\"1791\" class=\"elementor elementor-1791\" data-elementor-settings=\"[]\">\n\t\t\t\t\t\t\t<div class=\"elementor-section-wrap\">\n\t\t\t\t\t\t\t<section class=\"elementor-section elementor-top-section elementor-element elementor-element-a41e2b2 elementor-section-full_width elementor-section-height-default elementor-section-height-default\" data-id=\"a41e2b2\" data-element_type=\"section\">\n\t\t\t\t\t\t<div class=\"elementor-container elementor-column-gap-no\">\n\t\t\t\t\t<div class=\"elementor-column elementor-col-100 elementor-top-column elementor-element elementor-element-97c067e\" data-id=\"97c067e\" data-element_type=\"column\">\n\t\t\t<div class=\"elementor-widget-wrap elementor-element-populated\">\n\t\t\t\t\t\t\t\t<div class=\"elementor-element elementor-element-8e9c131 elementor-widget elementor-widget-larson-intro\" data-id=\"8e9c131\" data-element_type=\"widget\" data-widget_type=\"larson-intro.default\">\n\t\t\t\t<div class=\"elementor-widget-container\">\n\t\t\t\n\t\t<article class=\"article\">\n\t        <header class=\"article__header\">\n\t          <div class=\"container\">\n\t            \t            <h1 class=\"article__heading heading heading--size-large\">\n\t            \t<span >\n\t\t\t\t\t\tVilla <span class=\"color-yellow\">Mourton<\/span>\t\t\t\t\t<\/span>\n\t            <\/h1>\n\t            \t            \t            <div class=\"article__header-text\">\n\t            \t<span >\n\t\t\t\t\t\tEsta moradia geminada encontra-se \u00e0 sa\u00edda da Praia da Luz a poucos Km da Cidade de Lagos, tendo uma das Praias mais bonitas do Algarve.\nA moradia fica a poucos minutos a p\u00e9 da praia e do cento da Luz, que tem v\u00e1rios supermercados, restaurantes, bares, etc.\n\nA casa consiste em tr\u00eas quartos no 1\u00ba andar, um com casa de banho privativa e varanda com vista mar. Outra casa de banho serve para os outros dois quartos, com duas camas de solteiro cada.\nO r\/c tem uma casa de banho com chuveiro, cozinha equipada, m\u00e1quina da lou\u00e7a, m\u00e1quina da roupa, m\u00e1quina de caf\u00e9,  e utens\u00edlios de cozinha, etc. Sala de estar\/jantar com sa\u00edda para a piscina e churrasco. P\u00e1tio com mesa e cadeiras, toldo el\u00e9trico e algumas espregui\u00e7adeiras.\nA casa tem ar condicionado na sala e nos quartos e Internet fibra.\n\nEstadias superiores a 7 dias, tem servi\u00e7o de limpeza e mudan\u00e7a toalhas. Toalhas de praia est\u00e3o dispon\u00edveis para os clientes, assim como secador de cabelo.\n\t\t\t\t\t<\/span>\n\t            <\/div>\n\t            \t          <\/div>\n\t        <\/header>\n\t        \t    <\/article>\n\n\t\t\t\t<\/div>\n\t\t\t\t<\/div>\n\t\t\t\t\t<\/div>\n\t\t<\/div>\n\t\t\t\t\t\t\t<\/div>\n\t\t<\/section>\n\t\t\t\t<section class=\"elementor-section elementor-top-section elementor-element elementor-element-3f81bf8 elementor-section-full_width elementor-section-height-default elementor-section-height-default\" data-id=\"3f81bf8\" data-element_type=\"section\">\n\t\t\t\t\t\t<div class=\"elementor-container elementor-column-gap-no\">\n\t\t\t\t\t<div class=\"elementor-column elementor-col-100 elementor-top-column elementor-element elementor-element-4669fe1\" data-id=\"4669fe1\" data-element_type=\"column\">\n\t\t\t<div class=\"elementor-widget-wrap elementor-element-populated\">\n\t\t\t\t\t\t\t\t<div class=\"elementor-element elementor-element-60d5ea3 elementor-widget elementor-widget-larson-projects-gallery-carousel\" data-id=\"60d5ea3\" data-element_type=\"widget\" data-widget_type=\"larson-projects-gallery-carousel.default\">\n\t\t\t\t<div class=\"elementor-widget-container\">\n\t\t\t\n\t\t<div class=\"article__projects-slider projects-slider swiper-container __js_projects-slider\">\n                    <div class=\"swiper-wrapper\">\n                        <div class=\"projects-slider__item swiper-slide\">\n              <img src=\"https:\/\/pena-property.net\/wp-content\/uploads\/2022\/01\/Mourton-1.jpg\" alt=\"Image #1\" \/>\n            <\/div>\n                        <div class=\"projects-slider__item swiper-slide\">\n              <img src=\"https:\/\/pena-property.net\/wp-content\/uploads\/2022\/01\/Mourton-2.1.jpg\" alt=\"Image #2\" \/>\n            <\/div>\n                        <div class=\"projects-slider__item swiper-slide\">\n              <img src=\"https:\/\/pena-property.net\/wp-content\/uploads\/2022\/01\/Mourton-3.jpg\" alt=\"Image #3\" \/>\n            <\/div>\n                        <div class=\"projects-slider__item swiper-slide\">\n              <img src=\"https:\/\/pena-property.net\/wp-content\/uploads\/2022\/01\/Mourton-4.1.jpg\" alt=\"Image #4\" \/>\n            <\/div>\n                        <div class=\"projects-slider__item swiper-slide\">\n              <img src=\"https:\/\/pena-property.net\/wp-content\/uploads\/2022\/01\/Mourton-5.jpg\" alt=\"Image #5\" \/>\n            <\/div>\n                        <div class=\"projects-slider__item swiper-slide\">\n              <img src=\"https:\/\/pena-property.net\/wp-content\/uploads\/2022\/01\/Mourton-6.jpg\" alt=\"Image #6\" \/>\n            <\/div>\n                      <\/div>\n          <div class=\"projects-slider__navigation\">\n            <button class=\"projects-slider__next\" type=\"button\" aria-label=\"next\">\n              <svg width=\"64\" height=\"64\">\n                <use xlink:href=\"#chevron-right\"><\/use>\n              <\/svg>\n            <\/button>\n            <button class=\"projects-slider__prev\" type=\"button\" aria-label=\"prev\">\n              <svg width=\"64\" height=\"64\">\n                <use xlink:href=\"#chevron-left\"><\/use>\n              <\/svg>\n            <\/button>\n          <\/div>\n                  <\/div>\n\n\t\t\t\t<\/div>\n\t\t\t\t<\/div>\n\t\t\t\t\t<\/div>\n\t\t<\/div>\n\t\t\t\t\t\t\t<\/div>\n\t\t<\/section>\n\t\t\t\t<section class=\"elementor-section elementor-top-section elementor-element elementor-element-86dab40 elementor-section-full_width c__map elementor-section-height-default elementor-section-height-default\" data-id=\"86dab40\" data-element_type=\"section\">\n\t\t\t\t\t\t<div class=\"elementor-container elementor-column-gap-custom\">\n\t\t\t\t\t<div class=\"elementor-column elementor-col-100 elementor-top-column elementor-element elementor-element-20aa73f\" data-id=\"20aa73f\" data-element_type=\"column\">\n\t\t\t<div class=\"elementor-widget-wrap elementor-element-populated\">\n\t\t\t\t\t\t\t\t<div class=\"elementor-element elementor-element-e74ec28 elementor-widget elementor-widget-google_maps\" data-id=\"e74ec28\" data-element_type=\"widget\" data-widget_type=\"google_maps.default\">\n\t\t\t\t<div class=\"elementor-widget-container\">\n\t\t\t<style>\/*! elementor - v3.5.3 - 28-12-2021 *\/\n.elementor-widget-google_maps .elementor-widget-container{overflow:hidden}.elementor-widget-google_maps iframe{height:300px}<\/style>\t\t<div class=\"elementor-custom-embed\">\n\t\t\t<iframe frameborder=\"0\" scrolling=\"no\" marginheight=\"0\" marginwidth=\"0\"\n\t\t\t\t\tsrc=\"https:\/\/maps.google.com\/maps?q=Rua%20Direita%2C%20n%C2%BA%2021.%208600-160%20Praia%20da%20Luz%2C%20Lagos.&#038;t=m&#038;z=17&#038;output=embed&#038;iwloc=near\"\n\t\t\t\t\ttitle=\"Rua Direita, n\u00ba 21. 8600-160 Praia da Luz, Lagos.\"\n\t\t\t\t\taria-label=\"Rua Direita, n\u00ba 21. 8600-160 Praia da Luz, Lagos.\"\n\t\t\t><\/iframe>\n\t\t<\/div>\n\t\t\t\t<\/div>\n\t\t\t\t<\/div>\n\t\t\t\t\t<\/div>\n\t\t<\/div>\n\t\t\t\t\t\t\t<\/div>\n\t\t<\/section>\n\t\t\t\t\t\t<\/div>\n\t\t\t\t\t<\/div>\n\t\t","protected":false},"excerpt":{"rendered":"<p>Villa Mourton Esta moradia geminada encontra-se \u00e0 sa\u00edda da Praia da Luz a poucos Km da Cidade de Lagos, tendo uma das Praias mais bonitas do Algarve. A moradia fica a poucos minutos a p\u00e9 da praia e do cento da Luz, que tem v\u00e1rios supermercados, restaurantes, bares, etc. A&#8230; <\/p>\n<div class=\"readmore\"><a href=\"https:\/\/pena-property.net\/index.php\/villa-mourton\/\" class=\"btn-link\">Read more<\/a><\/div>\n","protected":false},"author":1,"featured_media":0,"parent":0,"menu_order":0,"comment_status":"closed","ping_status":"closed","template":"template-elementor-default.php","meta":[],"acf":[],"_links":{"self":[{"href":"https:\/\/pena-property.net\/index.php\/wp-json\/wp\/v2\/pages\/1791"}],"collection":[{"href":"https:\/\/pena-property.net\/index.php\/wp-json\/wp\/v2\/pages"}],"about":[{"href":"https:\/\/pena-property.net\/index.php\/wp-json\/wp\/v2\/types\/page"}],"author":[{"embeddable":true,"href":"https:\/\/pena-property.net\/index.php\/wp-json\/wp\/v2\/users\/1"}],"replies":[{"embeddable":true,"href":"https:\/\/pena-property.net\/index.php\/wp-json\/wp\/v2\/comments?post=1791"}],"version-history":[{"count":7,"href":"https:\/\/pena-property.net\/index.php\/wp-json\/wp\/v2\/pages\/1791\/revisions"}],"predecessor-version":[{"id":1834,"href":"https:\/\/pena-property.net\/index.php\/wp-json\/wp\/v2\/pages\/1791\/revisions\/1834"}],"wp:attachment":[{"href":"https:\/\/pena-property.net\/index.php\/wp-json\/wp\/v2\/media?parent=1791"}],"curies":[{"name":"wp","href":"https:\/\/api.w.org\/{rel}","templated":true}]}}